{"id":144,"date":"2015-10-22T15:32:53","date_gmt":"2015-10-22T15:32:53","guid":{"rendered":"http:\/\/test.kriesi.at\/construction\/?page_id=144"},"modified":"2021-03-18T17:15:41","modified_gmt":"2021-03-18T15:15:41","slug":"notre-magasin","status":"publish","type":"page","link":"https:\/\/www.rene-boel.be\/index.php\/notre-magasin\/","title":{"rendered":"Notre magasin"},"content":{"rendered":"<div   data-size='featured_large'  data-lightbox_size='large'  data-animation='fade'  data-conditional_play=''  data-ids='300,1461,1460,1459'  data-video_counter='0'  data-autoplay='true'  data-bg_slider='false'  data-slide_height=''  data-handle='av_slideshow'  data-interval='5'  data-class=' avia-builder-el-0  el_before_av_one_full  avia-builder-el-first  '  data-el_id=''  data-css_id=''  data-scroll_down=''  data-control_layout='av-control-hidden'  data-custom_markup=''  data-perma_caption=''  data-autoplay_stopper=''  data-image_attachment=''  data-min_height='0px'  data-lazy_loading='disabled'  data-default-height='42'  class='avia-slideshow avia-slideshow-1  av-control-hidden av-default-height-applied avia-slideshow-featured_large av_slideshow  avia-builder-el-0  el_before_av_one_full  avia-builder-el-first   avia-fade-slider '  itemprop=\"image\" itemscope=\"itemscope\" itemtype=\"https:\/\/schema.org\/ImageObject\" ><ul class='avia-slideshow-inner ' style='padding-bottom: 42%;' ><li  class=' slide-1 ' ><div data-rel='slideshow-1' class='avia-slide-wrap '   ><img decoding=\"async\" class=\"wp-image-1461 avia-img-lazy-loading-not-1461\"  src=\"https:\/\/www.rene-boel.be\/wp-content\/uploads\/2021\/03\/IMG_8705-1500x630.jpg\" width=\"1500\" height=\"630\" title='IMG_8705' alt=''  itemprop=\"thumbnailUrl\"   \/><\/div><\/li><li  class=' slide-2 ' ><div data-rel='slideshow-1' class='avia-slide-wrap '   ><img decoding=\"async\" class=\"wp-image-1460 avia-img-lazy-loading-not-1460\"  src=\"https:\/\/www.rene-boel.be\/wp-content\/uploads\/2021\/03\/IMG_8704-1500x630.jpg\" width=\"1500\" height=\"630\" title='IMG_8704' alt=''  itemprop=\"thumbnailUrl\"   \/><\/div><\/li><li  class=' slide-3 ' ><div data-rel='slideshow-1' class='avia-slide-wrap '   ><img decoding=\"async\" class=\"wp-image-1459 avia-img-lazy-loading-not-1459\"  src=\"https:\/\/www.rene-boel.be\/wp-content\/uploads\/2021\/03\/IMG_8706-1500x630.jpg\" width=\"1500\" height=\"630\" title='IMG_8706' alt=''  itemprop=\"thumbnailUrl\"   \/><\/div><\/li><\/ul><div class='avia-slideshow-arrows avia-slideshow-controls'><a href='#prev' class='prev-slide' aria-hidden='true' data-av_icon='\ue87c' data-av_iconfont='entypo-fontello'>Pr\u00e9c\u00e9dent<\/a><a href='#next' class='next-slide' aria-hidden='true' data-av_icon='\ue87d' data-av_iconfont='entypo-fontello'>Suivant<\/a><\/div><div class='avia-slideshow-dots avia-slideshow-controls'><a href='#1' class='goto-slide active' >1<\/a><a href='#2' class='goto-slide ' >2<\/a><a href='#3' class='goto-slide ' >3<\/a><\/div><\/div>\n<div class=\"flex_column av_one_full  av-animated-generic bottom-to-top  flex_column_div av-zero-column-padding first  avia-builder-el-1  el_after_av_slideshow  el_before_av_one_half  \" style='margin-top:0px; margin-bottom:0px; border-radius:0px; '><p><div  style='padding-bottom:0px; ' class='av-special-heading av-special-heading-h2  blockquote modern-quote  avia-builder-el-2  el_before_av_hr  avia-builder-el-first  '><h2 class='av-special-heading-tag '  itemprop=\"headline\"  >Notre magasin<\/h2><div class='special-heading-border'><div class='special-heading-inner-border' ><\/div><\/div><\/div><br \/>\n<div  style=' margin-top:10px; margin-bottom:10px;'  class='hr hr-custom hr-left hr-icon-no   avia-builder-el-3  el_after_av_heading  avia-builder-el-last '><span class='hr-inner  inner-border-av-border-fat' style=' width:50px; border-color:#efbb20;' ><span class='hr-inner-style'><\/span><\/span><\/div><\/p><\/div>\n<div class=\"flex_column av_one_half  av-animated-generic bottom-to-top  flex_column_div av-zero-column-padding first  avia-builder-el-4  el_after_av_one_full  el_before_av_one_half  column-top-margin\" style='margin-top:0px; margin-bottom:0px; border-radius:0px; '><section class=\"av_textblock_section \"  itemscope=\"itemscope\" itemtype=\"https:\/\/schema.org\/CreativeWork\" ><div class='avia_textblock  '   itemprop=\"text\" ><p>S\u2019adressant aux <strong>particuliers<\/strong> <span style=\"display: inline !important; float: none; background-color: #ffffff; color: #333333; cursor: text; font-family: Georgia,'Times New Roman','Bitstream Charter',Times,serif; font-size: 16px; font-style: normal; font-variant: normal; font-weight: 400; letter-spacing: normal; orphans: 2; text-align: left; text-decoration: none; text-indent: 0px; text-transform: none; -webkit-text-stroke-width: 0px; white-space: normal; word-spacing: 0px;\">comme aux <\/span><strong>professionnels<\/strong> , Nous disposons d&#8217;un stock de plus de 6000 Articles en quantit\u00e9 non n\u00e9gligeable .<\/p>\n<p>Tout l\u2019<strong>\u00e9quipement<\/strong> n\u00e9cessaire \u00e0 la r\u00e9alisation de votre <strong>installation \u00e9lectrique, chauffage et tout le sanitaire<\/strong> :<\/p>\n<ul class=\"list-service\">\n<li>c\u00e2bles,<\/li>\n<li>prises,<\/li>\n<li>interrupteurs,<\/li>\n<li>disjoncteurs,<\/li>\n<li>coffrets,<\/li>\n<li>Pompes,<\/li>\n<li>Raccords Alpex (\u00e0 sertir et a compression) cuivre,&#8230;<\/li>\n<li>Chasses d&#8217;eau,<\/li>\n<li>\u00a0Vannes et raccords en tout genre,<\/li>\n<li>et bien d\u2019autres.<\/li>\n<\/ul>\n<\/div><\/section><\/div>\n<div class=\"flex_column av_one_half  av-animated-generic bottom-to-top  flex_column_div av-zero-column-padding   avia-builder-el-6  el_after_av_one_half  el_before_av_one_half  column-top-margin\" style='margin-top:0px; margin-bottom:0px; border-radius:0px; '><section class=\"av_textblock_section \"  itemscope=\"itemscope\" itemtype=\"https:\/\/schema.org\/CreativeWork\" ><div class='avia_textblock  '   itemprop=\"text\" ><p>Vous ne trouverez dans votre magasin sp\u00e9cialis\u00e9 que du <strong>mat\u00e9riel de qualit\u00e9<\/strong> et toujours au <strong>meilleur prix<\/strong>. Nous mettons \u00e0 votre disposition un vaste stock de <strong>pi\u00e8ces de toutes marques<\/strong>, <strong>r\u00e9centes<\/strong> comme plus <strong>anciennes<\/strong>.<\/p>\n<p><strong>La pi\u00e8ce que vous cherchez n\u2019est pas disponible\u00a0?<\/strong><\/p>\n<p>Pas de probl\u00e8me, les \u00e9tablissement Ren\u00e9 Bo\u00ebl se charge de la commander pour vous. Les fournisseurs livrent tous les jours les commandes pass\u00e9es avant 17h.<\/p>\n<p>En cas d\u2019urgence, l\u2019\u00e9quipe mettra tout en \u0153uvre pour vous procurer ce qu\u2019il vous faut au plus vite.<\/p>\n<\/div><\/section><\/div>\n<div class=\"flex_column av_one_half  av-animated-generic bottom-to-top  flex_column_div av-zero-column-padding first  avia-builder-el-8  el_after_av_one_half  el_before_av_one_half  column-top-margin\" style='border-radius:0px; '><p><div  style='padding-bottom:0px; ' class='av-special-heading av-special-heading-h2  blockquote modern-quote  avia-builder-el-9  el_before_av_hr  avia-builder-el-first  '><h2 class='av-special-heading-tag '  itemprop=\"headline\"  >Un large choix en \u00e9lectrom\u00e9nager<\/h2><div class='special-heading-border'><div class='special-heading-inner-border' ><\/div><\/div><\/div><br \/>\n<div  style=' margin-top:10px; margin-bottom:10px;'  class='hr hr-custom hr-left hr-icon-no   avia-builder-el-10  el_after_av_heading  el_before_av_masonry_gallery  avia-builder-el-last '><span class='hr-inner  inner-border-av-border-fat' style=' width:50px; border-color:#efbb20;' ><span class='hr-inner-style'><\/span><\/span><\/div><br \/>\n<br \/>\n<section class=\"av_textblock_section \"  itemscope=\"itemscope\" itemtype=\"https:\/\/schema.org\/CreativeWork\" ><div class='avia_textblock  '   itemprop=\"text\" ><p>Toujours la qualit\u00e9 au meilleur Prix !<\/p>\n<p>Nous ne sommes pas plus ch\u00e8re que les autres et nous pouvons toujours adapter nos prix face \u00e0 la grande distribution gr\u00e2ce aux accords que nous avons avec nos fournisseurs.<\/p>\n<p>Une pi\u00e8ce d\u00e9tach\u00e9e pour un appareil, PAS DE PROBLEMES, nous travaillons avec nos fournisseurs qui offre plus de 14 millions de pi\u00e8ces d\u00e9tach\u00e9es et accessoires !<\/p>\n<p>Le plus important : Venez avec la r\u00e9f\u00e9rence de votre produit et la pi\u00e8ce sera disponible le plus souvent d\u00e9s le lendemain apr\u00e8s-midi.<\/p>\n<\/div><\/section><\/p><\/div><div class=\"flex_column av_one_half  av-animated-generic bottom-to-top  flex_column_div av-zero-column-padding   avia-builder-el-13  el_after_av_one_half  el_before_av_one_full  column-top-margin\" style='border-radius:0px; '><div  class='avia-image-container  av-styling-no-styling av-hover-grow   avia-builder-el-14  avia-builder-el-no-sibling  avia-align-center '  itemprop=\"image\" itemscope=\"itemscope\" itemtype=\"https:\/\/schema.org\/ImageObject\"  ><div class='avia-image-container-inner'><div class='avia-image-overlay-wrap'><img decoding=\"async\" class='wp-image-0 avia-img-lazy-loading-not-0 avia_image' src=\"http:\/\/vps431991.ovh.net\/boel\/wp-content\/uploads\/2019\/11\/Magasin-boel-peruwelz-495x400.jpg\" alt='' title=''   itemprop=\"thumbnailUrl\"  \/><\/div><\/div><\/div><\/div><\/p>\n<div class=\"flex_column av_one_full  av-animated-generic bottom-to-top  flex_column_div first  avia-builder-el-15  el_after_av_one_half  avia-builder-el-last  column-top-margin\" style='border-width:1px; border-color:#e1e1e1; border-style:solid; padding:20px; background-color:#fcfcfc; border-radius:0px; '><section class=\"av_textblock_section \"  itemscope=\"itemscope\" itemtype=\"https:\/\/schema.org\/CreativeWork\" ><div class='avia_textblock  '   itemprop=\"text\" ><p>N&#8217;h\u00e9sitez-pas de nous rendre visite. Nos<strong> promotions<\/strong> vous surprendrons.<\/p>\n<\/div><\/section><\/div>\n","protected":false},"excerpt":{"rendered":"","protected":false},"author":2,"featured_media":0,"parent":0,"menu_order":0,"comment_status":"closed","ping_status":"closed","template":"","meta":{"footnotes":""},"class_list":["post-144","page","type-page","status-publish","hentry"],"jetpack_sharing_enabled":true,"_links":{"self":[{"href":"https:\/\/www.rene-boel.be\/index.php\/wp-json\/wp\/v2\/pages\/144","targetHints":{"allow":["GET"]}}],"collection":[{"href":"https:\/\/www.rene-boel.be\/index.php\/wp-json\/wp\/v2\/pages"}],"about":[{"href":"https:\/\/www.rene-boel.be\/index.php\/wp-json\/wp\/v2\/types\/page"}],"author":[{"embeddable":true,"href":"https:\/\/www.rene-boel.be\/index.php\/wp-json\/wp\/v2\/users\/2"}],"replies":[{"embeddable":true,"href":"https:\/\/www.rene-boel.be\/index.php\/wp-json\/wp\/v2\/comments?post=144"}],"version-history":[{"count":3,"href":"https:\/\/www.rene-boel.be\/index.php\/wp-json\/wp\/v2\/pages\/144\/revisions"}],"predecessor-version":[{"id":1464,"href":"https:\/\/www.rene-boel.be\/index.php\/wp-json\/wp\/v2\/pages\/144\/revisions\/1464"}],"wp:attachment":[{"href":"https:\/\/www.rene-boel.be\/index.php\/wp-json\/wp\/v2\/media?parent=144"}],"curies":[{"name":"wp","href":"https:\/\/api.w.org\/{rel}","templated":true}]}}