{"id":142,"date":"2015-10-22T15:32:34","date_gmt":"2015-10-22T15:32:34","guid":{"rendered":"http:\/\/test.kriesi.at\/construction\/?page_id=142"},"modified":"2015-10-22T15:32:34","modified_gmt":"2015-10-22T15:32:34","slug":"installation-et-depannage","status":"publish","type":"page","link":"https:\/\/www.rene-boel.be\/index.php\/installation-et-depannage\/","title":{"rendered":"Installation &#038; d\u00e9pannage"},"content":{"rendered":"<div   data-size='featured_large'  data-lightbox_size='large'  data-animation='fade'  data-conditional_play=''  data-ids='301'  data-video_counter='0'  data-autoplay='true'  data-bg_slider='false'  data-slide_height=''  data-handle='av_slideshow'  data-interval='5'  data-class=' avia-builder-el-0  el_before_av_one_full  avia-builder-el-first  '  data-el_id=''  data-css_id=''  data-scroll_down=''  data-control_layout='av-control-hidden'  data-custom_markup=''  data-perma_caption=''  data-autoplay_stopper=''  data-image_attachment=''  data-min_height='0px'  data-lazy_loading='disabled'  data-default-height='42'  class='avia-slideshow avia-slideshow-1  av-control-hidden av-default-height-applied avia-slideshow-featured_large av_slideshow  avia-builder-el-0  el_before_av_one_full  avia-builder-el-first   avia-fade-slider '  itemprop=\"image\" itemscope=\"itemscope\" itemtype=\"https:\/\/schema.org\/ImageObject\" ><ul class='avia-slideshow-inner ' style='padding-bottom: 42%;' ><\/ul><\/div>\n<div class=\"flex_column av_one_full  av-animated-generic bottom-to-top  flex_column_div av-zero-column-padding first  avia-builder-el-1  el_after_av_slideshow  el_before_av_one_half  \" style='margin-top:0px; margin-bottom:0px; border-radius:0px; '><p><div  style='padding-bottom:0px; ' class='av-special-heading av-special-heading-h2  blockquote modern-quote  avia-builder-el-2  el_before_av_hr  avia-builder-el-first  '><h2 class='av-special-heading-tag '  itemprop=\"headline\"  >Nos services d\u00e9pannage <span class='special_amp'>&amp;<\/span> installation<\/h2><div class='special-heading-border'><div class='special-heading-inner-border' ><\/div><\/div><\/div><br \/>\n<div  style=' margin-top:10px; margin-bottom:10px;'  class='hr hr-custom hr-left hr-icon-no   avia-builder-el-3  el_after_av_heading  avia-builder-el-last '><span class='hr-inner  inner-border-av-border-fat' style=' width:50px; border-color:#efbb20;' ><span class='hr-inner-style'><\/span><\/span><\/div><\/p><\/div>\n<div class=\"flex_column av_one_half  av-animated-generic bottom-to-top  flex_column_div av-zero-column-padding first  avia-builder-el-4  el_after_av_one_full  el_before_av_one_half  column-top-margin\" style='margin-top:0px; margin-bottom:0px; border-radius:0px; '><section class=\"av_textblock_section \"  itemscope=\"itemscope\" itemtype=\"https:\/\/schema.org\/CreativeWork\" ><div class='avia_textblock  '   itemprop=\"text\" ><p>Avec votre <strong>chaudi\u00e8re<\/strong> toujours entretenue<\/p>\n<p>Moins de risque de pannes et toujours en ordre l\u00e9galement :<\/p>\n<div class=\"headings-1100 ff-medium text-white strong-text-white link-blue text-center d-block\">\n<p><strong>Gaz<\/strong> (entretien tous les 2 ans)<\/p>\n<div class=\"headings-1100 ff-medium text-white strong-text-white link-blue text-center\">\n<p><strong>Mazout<\/strong> (entretien annuel)<\/p>\n<p>Vous gagnerez :<\/p>\n<ul>\n<li>Une \u00e9conomie de 8-10% sur votre consomation<\/li>\n<li>Moins de risques de panne<\/li>\n<li>Votre chaudi\u00e8re vivra plus longtemps<\/li>\n<\/ul>\n<\/div>\n<\/div>\n<\/div><\/section><\/div><div class=\"flex_column av_one_half  av-animated-generic bottom-to-top  flex_column_div av-zero-column-padding   avia-builder-el-6  el_after_av_one_half  avia-builder-el-last  column-top-margin\" style='margin-top:0px; margin-bottom:0px; border-radius:0px; '><section class=\"av_textblock_section \"  itemscope=\"itemscope\" itemtype=\"https:\/\/schema.org\/CreativeWork\" ><div class='avia_textblock  '   itemprop=\"text\" ><p>Vous Tombez en <strong>panne<\/strong>, pas de probl\u00e8mes, appelez nous et nous fixerons un rendez-vous en fonction de vos disponibilit\u00e9s.<\/p>\n<p><strong>Ramonage de chemin\u00e9e<\/strong> gain\u00e9e ou pas, probl\u00e8me de tirage, nids d&#8217;oiseaux, nous r\u00e9aliserons le ramonage de l&#8217;int\u00e9rieure ou de l&#8217;ext\u00e9rieur avec nacelle (par exemple).<\/p>\n<p>Solution de<strong> gainage chemin\u00e9e <\/strong>possible.<\/p>\n<p>Un <strong>climatiseur<\/strong>, une <strong>pompe \u00e0 chaleur\u00a0 -&gt;<\/strong>ne les oubliez pas, nettoyage du condenseur ext\u00e9rieur, d\u00e9sinfection de l&#8217;unit\u00e9 int\u00e9rieur.<\/p>\n<p>Un conseil, prenez rendez-vous pour passer un hiver et un \u00e9t\u00e9 sans soucis.<\/p>\n<\/div><\/section><\/div><\/p>\n","protected":false},"excerpt":{"rendered":"","protected":false},"author":2,"featured_media":0,"parent":0,"menu_order":0,"comment_status":"closed","ping_status":"closed","template":"","meta":{"footnotes":""},"class_list":["post-142","page","type-page","status-publish","hentry"],"jetpack_sharing_enabled":true,"_links":{"self":[{"href":"https:\/\/www.rene-boel.be\/index.php\/wp-json\/wp\/v2\/pages\/142","targetHints":{"allow":["GET"]}}],"collection":[{"href":"https:\/\/www.rene-boel.be\/index.php\/wp-json\/wp\/v2\/pages"}],"about":[{"href":"https:\/\/www.rene-boel.be\/index.php\/wp-json\/wp\/v2\/types\/page"}],"author":[{"embeddable":true,"href":"https:\/\/www.rene-boel.be\/index.php\/wp-json\/wp\/v2\/users\/2"}],"replies":[{"embeddable":true,"href":"https:\/\/www.rene-boel.be\/index.php\/wp-json\/wp\/v2\/comments?post=142"}],"version-history":[{"count":0,"href":"https:\/\/www.rene-boel.be\/index.php\/wp-json\/wp\/v2\/pages\/142\/revisions"}],"wp:attachment":[{"href":"https:\/\/www.rene-boel.be\/index.php\/wp-json\/wp\/v2\/media?parent=142"}],"curies":[{"name":"wp","href":"https:\/\/api.w.org\/{rel}","templated":true}]}}