{"id":1397,"date":"2021-03-16T10:28:28","date_gmt":"2021-03-16T08:28:28","guid":{"rendered":"https:\/\/www.rene-boel.be\/index.php\/page-daccueil-2\/"},"modified":"2021-03-16T10:28:28","modified_gmt":"2021-03-16T08:28:28","slug":"page-daccueil-2","status":"publish","type":"page","link":"https:\/\/www.rene-boel.be\/index.php\/page-daccueil-2\/","title":{"rendered":"Page d\u2019accueil"},"content":{"rendered":"\n\t\t<div class=\"wp-block-cover\"><div class=\"wp-block-cover__inner-container is-layout-flow wp-block-cover-is-layout-flow\">\n\t\t<p class=\"has-text-color has-text-align-center has-large-font-size\">Bienvenue dans la boutique<\/p>\n\t\t\n\n\t\t\n\t\t<p class=\"has-text-color has-text-align-center\">R\u00e9diger un bref message de bienvenue ici<\/p>\n\t\t\n\n\t\t\n\t\t<div class=\"wp-block-button aligncenter\"><a href=\"https:\/\/www.rene-boel.be\/index.php\/shop\/\" class=\"wp-block-button__link\">Faire des achats<\/a><\/div>\n\t\t<\/div><\/div>\n\t\t\n\t\t\t\t\n\t\t\t\t<h2 class=\"wp-block-heading\" style=\"text-align:center\">Achat par cat\u00e9gorie<\/h2>\n\t\t\t\t\n\t\t\t\t<p>\t\t\t\t[product_categories number=&#8221;0&#8243; parent=&#8221;0&#8243;]<\/p>\n\n\t\t\t\t\n\t\t\t\t<h2 class=\"wp-block-heading\" style=\"text-align:center\">Nouveaut\u00e9s<\/h2>\n\t\t\t\t\n\t\t\t\t\n\t\t\t\t\n\t\t\t\t<h2 class=\"wp-block-heading\" style=\"text-align:center\">Produits pr\u00e9f\u00e9r\u00e9s de vos clients<\/h2>\n\t\t\t\t\n\t\t\t\t\n\t\t\t\t\n\t\t\t\t<h2 class=\"wp-block-heading\" style=\"text-align:center\">En vente<\/h2>\n\t\t\t\t\n\t\t\t\t\n\t\t\t\t\n\t\t\t\t<h2 class=\"wp-block-heading\" style=\"text-align:center\">Meilleurs produits<\/h2>\n\t\t\t\t\n\t\t\t\t\n\t\t\t","protected":false},"excerpt":{"rendered":"<p>Achat par cat\u00e9gorie Nouveaut\u00e9s Produits pr\u00e9f\u00e9r\u00e9s de vos clients En vente Meilleurs produits<\/p>\n","protected":false},"author":1,"featured_media":0,"parent":0,"menu_order":0,"comment_status":"closed","ping_status":"closed","template":"","meta":{"footnotes":""},"class_list":["post-1397","page","type-page","status-publish","hentry"],"jetpack_sharing_enabled":true,"_links":{"self":[{"href":"https:\/\/www.rene-boel.be\/index.php\/wp-json\/wp\/v2\/pages\/1397","targetHints":{"allow":["GET"]}}],"collection":[{"href":"https:\/\/www.rene-boel.be\/index.php\/wp-json\/wp\/v2\/pages"}],"about":[{"href":"https:\/\/www.rene-boel.be\/index.php\/wp-json\/wp\/v2\/types\/page"}],"author":[{"embeddable":true,"href":"https:\/\/www.rene-boel.be\/index.php\/wp-json\/wp\/v2\/users\/1"}],"replies":[{"embeddable":true,"href":"https:\/\/www.rene-boel.be\/index.php\/wp-json\/wp\/v2\/comments?post=1397"}],"version-history":[{"count":1,"href":"https:\/\/www.rene-boel.be\/index.php\/wp-json\/wp\/v2\/pages\/1397\/revisions"}],"predecessor-version":[{"id":1398,"href":"https:\/\/www.rene-boel.be\/index.php\/wp-json\/wp\/v2\/pages\/1397\/revisions\/1398"}],"wp:attachment":[{"href":"https:\/\/www.rene-boel.be\/index.php\/wp-json\/wp\/v2\/media?parent=1397"}],"curies":[{"name":"wp","href":"https:\/\/api.w.org\/{rel}","templated":true}]}}