{"id":138,"date":"2015-10-22T15:31:54","date_gmt":"2015-10-22T15:31:54","guid":{"rendered":"http:\/\/test.kriesi.at\/construction\/?page_id=138"},"modified":"2015-10-22T15:31:54","modified_gmt":"2015-10-22T15:31:54","slug":"poelerie","status":"publish","type":"page","link":"https:\/\/www.rene-boel.be\/index.php\/poelerie\/","title":{"rendered":"Po\u00ealerie"},"content":{"rendered":"<div   data-size='featured_large'  data-lightbox_size='large'  data-animation='fade'  data-conditional_play=''  data-ids='298'  data-video_counter='0'  data-autoplay='true'  data-bg_slider='false'  data-slide_height=''  data-handle='av_slideshow'  data-interval='5'  data-class=' avia-builder-el-0  el_before_av_one_full  avia-builder-el-first  '  data-el_id=''  data-css_id=''  data-scroll_down=''  data-control_layout='av-control-hidden'  data-custom_markup=''  data-perma_caption=''  data-autoplay_stopper=''  data-image_attachment=''  data-min_height='0px'  data-lazy_loading='disabled'  data-default-height='42'  class='avia-slideshow avia-slideshow-1  av-control-hidden av-default-height-applied avia-slideshow-featured_large av_slideshow  avia-builder-el-0  el_before_av_one_full  avia-builder-el-first   avia-fade-slider '  itemprop=\"image\" itemscope=\"itemscope\" itemtype=\"https:\/\/schema.org\/ImageObject\" ><ul class='avia-slideshow-inner ' style='padding-bottom: 42%;' ><\/ul><\/div>\n<div class=\"flex_column av_one_full  av-animated-generic bottom-to-top  flex_column_div av-zero-column-padding first  avia-builder-el-1  el_after_av_slideshow  el_before_av_one_half  \" style='margin-top:0px; margin-bottom:0px; border-radius:0px; '><p><div  style='padding-bottom:0px; ' class='av-special-heading av-special-heading-h2  blockquote modern-quote  avia-builder-el-2  el_before_av_hr  avia-builder-el-first  '><h2 class='av-special-heading-tag '  itemprop=\"headline\"  >Nos services en po\u00eblerie<\/h2><div class='special-heading-border'><div class='special-heading-inner-border' ><\/div><\/div><\/div><br \/>\n<div  style=' margin-top:10px; margin-bottom:10px;'  class='hr hr-custom hr-left hr-icon-no   avia-builder-el-3  el_after_av_heading  avia-builder-el-last '><span class='hr-inner  inner-border-av-border-fat' style=' width:50px; border-color:#efbb20;' ><span class='hr-inner-style'><\/span><\/span><\/div><\/p><\/div>\n<div class=\"flex_column av_one_half  av-animated-generic bottom-to-top  flex_column_div av-zero-column-padding first  avia-builder-el-4  el_after_av_one_full  el_before_av_one_half  column-top-margin\" style='margin-top:0px; margin-bottom:0px; border-radius:0px; '><section class=\"av_textblock_section \"  itemscope=\"itemscope\" itemtype=\"https:\/\/schema.org\/CreativeWork\" ><div class='avia_textblock  '   itemprop=\"text\" ><h3 class=\"grve-element grve-title grve-align-center grve-animated-item grve-fadeInDown grve-h4 grve-animated\" data-delay=\"400\">VENTE ET INSTALLATION<\/h3>\n<div class=\"grve-element grve-text grve-animated-item grve-fadeInUp grve-animated\" data-delay=\"400\">\n<p>Nous assurons la livraison, le placement, la mise en marche et le r\u00e9glage de votre po\u00eale ou insert. Nous vous en expliquons clairement l\u2019utilisation et r\u00e9pondons \u00e0 toutes vos demandes d\u2019information.<\/p>\n<\/div>\n<h3 class=\"grve-element grve-title grve-align-center grve-animated-item grve-fadeInDown grve-h4 grve-animated\" data-delay=\"200\">PIECES DETACHEES ET ACCESSOIRES<\/h3>\n<div class=\"grve-element grve-text grve-animated-item grve-fadeInUp grve-animated\" data-delay=\"200\">\n<p>Nous assurons la vente de pi\u00e8ces d\u00e9tach\u00e9es ( fonte, vitro, pirex, micas, joints, peinture, produits d\u2019entretien, colle, mastic de fer, d\u00e9tendeur gaz, cannes de ramonage,\u2026). Nous avons en stock un large assortiment de pi\u00e8ces pour po\u00eales et foyers dans les plus grandes marques et \u00e9galement pour certaines marques qui ne sont plus commercialis\u00e9es.<\/p>\n<h3 class=\"grve-element grve-title grve-align-center grve-animated-item grve-fadeInDown grve-h4 grve-animated\" data-delay=\"600\">TUBAGE<\/h3>\n<div class=\"grve-element grve-text grve-animated-item grve-fadeInUp grve-animated\" data-delay=\"600\">\n<p>Notre personnel est qualifi\u00e9 pour le placement de votre tubage de chemin\u00e9e ( fl\u00e9xible ou rigide int\u00e9rieur).<br \/>\nPose de conduit ext\u00e9rieur en inox double paroi isol\u00e9e.<\/p>\n<\/div>\n<\/div>\n<h3 class=\"grve-element grve-title grve-align-center grve-animated-item grve-fadeInDown grve-h4 grve-animated\" data-delay=\"800\">SERVICE APR\u00c8S-VENTE<\/h3>\n<div class=\"grve-element grve-text grve-animated-item grve-fadeInUp grve-animated\" data-delay=\"800\">\n<p>Nous assurons les d\u00e9pannages, les r\u00e9parations, les entretiens et la fourniture de pi\u00e8ces d\u00e9tach\u00e9es pour les marques que nous repr\u00e9sentons.<br \/>\nR\u00e9paration en nos ateliers des portes de po\u00eales ( remplacement de pirex, vitro, joints, micas,\u2026).<\/p>\n<\/div>\n<\/div><\/section><\/div>\n<div class=\"flex_column av_one_half  av-animated-generic bottom-to-top  flex_column_div av-zero-column-padding   avia-builder-el-6  el_after_av_one_half  avia-builder-el-last  column-top-margin\" style='margin-top:0px; margin-bottom:0px; border-radius:0px; '><section class=\"av_textblock_section \"  itemscope=\"itemscope\" itemtype=\"https:\/\/schema.org\/CreativeWork\" ><div class='avia_textblock  '   itemprop=\"text\" ><h2><em>Voici quelques conseils pour l&#8217;entretien de votre po\u00eale bois &amp; ou charbon :\u00a0<\/em><\/h2>\n<h2><span id=\"Ramoner_son_poele_a_bois_une_obligation\"><strong>Ramoner son po\u00eale \u00e0 bois\u00a0: une obligation<\/strong><\/span><\/h2>\n<p>Le d\u00e9faut d\u2019entretien d\u2019un po\u00eale \u00e0 bois peut alt\u00e9rer le fonctionnement de l\u2019appareil et pr\u00e9senter des risques pour la s\u00e9curit\u00e9 du foyer. En effet, \u00e0 la longue et au fil des utilisations, des d\u00e9chets de combustion peuvent s\u2019accumuler dans le conduit de chemin\u00e9e. Ces d\u00e9chets, appel\u00e9s bistre forme un r\u00e9sidu solide, semblable \u00e0 du goudron. Le bistre peut ainsi \u00eatre \u00e0 l\u2019origine d\u2019un incendie s\u2019il n\u2019est pas nettoy\u00e9. Par ailleurs, la loi impose un entretien annuel obligatoire de tous les po\u00eales \u00e0 bois, \u00e0 b\u00fbches ou \u00e0 granul\u00e9s de bois par un professionnel. L\u2019entretien annuel doit s\u2019accompagner d\u2019un ramonage du po\u00eale \u00e0 bois \u00e0 raison de deux fois par an. L\u2019un des ramonages doit \u00eatre effectu\u00e9 pendant la p\u00e9riode de fonctionnement de l\u2019appareil. N\u2019attendez pas cependant ces interventions obligatoires d\u2019un professionnel pour veiller au bon fonctionnement de votre appareil. Ayez l\u2019habitude de nettoyer r\u00e9guli\u00e8rement votre po\u00eale \u00e0 bois pour assurer une qualit\u00e9 de combustion et de chauffe optimales. \u00a0Vous pouvez en effet, vous occuper vous-m\u00eame du nettoyage de votre appareil de chauffage.<\/p>\n<h2><span id=\"Decrasser_la_vitre_noircie\"><strong>D\u00e9crasser la vitre noircie<\/strong><\/span><\/h2>\n<p><strong>\u00a0<\/strong><\/p>\n<p>L\u2019utilisation d\u2019un bois humide favorise le d\u00e9p\u00f4t de la suie sur la vitre. Le premier entretien du po\u00eale \u00e0 bois est donc de bien choisir son bois de chauffage. Proc\u00e9dez tout de suite au nettoyage d\u00e8s la premi\u00e8re apparition de la suie sur la vitre de votre appareil. En plus d\u2019\u00eatre inesth\u00e9tique, la suie sur la vitre indique un d\u00e9but d\u00e9p\u00f4ts de d\u00e9chets.<\/p>\n<p>Nettoyez la suie sur la vitre en y passant un essuie-tout, un chiffon ou du papier journal mouill\u00e9 dans les cendres sur le fond du po\u00eale. La cendre est en effet un tr\u00e8s bon nettoyant. Vous pouvez \u00e9galement recourir aux produits nettoyants pour en venir \u00e0 bout des d\u00e9p\u00f4ts incrust\u00e9s. Veillez dans ce cas \u00e0 ne pas en mettre sur les parties m\u00e9talliques pour \u00e9viter la rouille.<\/p>\n<h2><span id=\"Entretenir_le_conduit_du_poele_a_bois\"><strong>Entretenir le conduit du po\u00eale \u00e0 bois<\/strong><\/span><\/h2>\n<p>Un po\u00eale \u00e0 bois avec un conduit bouch\u00e9 repr\u00e9sente un vrai danger pour les occupants de la maison. En effet, non seulement, l\u2019obstruction du conduit peut \u00eatre \u00e0 l\u2019origine d\u2019un incendie mais il peut \u00e9galement lib\u00e9rer du dioxyde de carbone \u00e0 cause d\u2019une mauvaise \u00e9vacuation de la fum\u00e9e. Le ramonage est donc une \u00e9tape importante dans l\u2019entretien de votre po\u00eale \u00e0 bois. Il optimise les performances de votre installation et permet de se chauffer en toute s\u00e9curit\u00e9. De plus, le ramonage rel\u00e8ve d\u2019une obligation. De ce fait, vous devez faire appel \u00e0 un ramoneur certifi\u00e9 pour effectuer cette \u00e9tape. Ce dernier vous d\u00e9livrera un certificat de ramonage, document essentiel pour pouvoir b\u00e9n\u00e9ficier d\u2019une prise en charge par les assurances en cas d\u2019incendie.<\/p>\n<p>Le ramonage complet par un professionnel s\u2019effectue en 5 \u00e9tapes\u00a0: le ramonage du conduit pour \u00e9liminer le bistre, le nettoyage du d\u00e9flecteur, le nettoyage des canaux de circulation de fum\u00e9e qui n\u00e9cessite le d\u00e9montage des trappes et enfin la v\u00e9rification du bon fonctionnement du po\u00eale et du tirage.<\/p>\n<p>Enfin, vous pouvez aussi effectuer un ramonage suppl\u00e9mentaire par vous-m\u00eame \u00e0 la mi- saison. L\u2019op\u00e9ration risque d\u2019\u00eatre tr\u00e8s salissante donc suivez bien ces quelques \u00e9tapes pour proc\u00e9der vous-m\u00eame \u00e0 un ramonage m\u00e9canique de votre appareil de chauffage\u00a0:<\/p>\n<ul>\n<li>Etalez une b\u00e2che tout autour de votre appareil, et m\u00eame de pr\u00e9f\u00e9rence dans toute la pi\u00e8ce pour ne pas la salir.<\/li>\n<li>Ouvrez la plaque sup\u00e9rieure pour y introduire le h\u00e9risson<\/li>\n<li>Nettoyez la suie et d\u00e9crassez le conduit avec le h\u00e9risson. Pour bien atteindre chaque niveau, vous pouvez utiliser une canne<\/li>\n<\/ul>\n<h2>L\u2019entretien r\u00e9gulier d\u2019un po\u00eale bois et charbon permet non seulement une meilleure combustion du bois et une plus longue dur\u00e9e de vie de l\u2019appareil mais il est \u00e9galement essentiel pour pr\u00e9venir les risques d\u2019incendie.<\/h2>\n<\/div><\/section><\/div>\n","protected":false},"excerpt":{"rendered":"","protected":false},"author":2,"featured_media":0,"parent":0,"menu_order":0,"comment_status":"closed","ping_status":"closed","template":"","meta":{"footnotes":""},"class_list":["post-138","page","type-page","status-publish","hentry"],"jetpack_sharing_enabled":true,"_links":{"self":[{"href":"https:\/\/www.rene-boel.be\/index.php\/wp-json\/wp\/v2\/pages\/138","targetHints":{"allow":["GET"]}}],"collection":[{"href":"https:\/\/www.rene-boel.be\/index.php\/wp-json\/wp\/v2\/pages"}],"about":[{"href":"https:\/\/www.rene-boel.be\/index.php\/wp-json\/wp\/v2\/types\/page"}],"author":[{"embeddable":true,"href":"https:\/\/www.rene-boel.be\/index.php\/wp-json\/wp\/v2\/users\/2"}],"replies":[{"embeddable":true,"href":"https:\/\/www.rene-boel.be\/index.php\/wp-json\/wp\/v2\/comments?post=138"}],"version-history":[{"count":0,"href":"https:\/\/www.rene-boel.be\/index.php\/wp-json\/wp\/v2\/pages\/138\/revisions"}],"wp:attachment":[{"href":"https:\/\/www.rene-boel.be\/index.php\/wp-json\/wp\/v2\/media?parent=138"}],"curies":[{"name":"wp","href":"https:\/\/api.w.org\/{rel}","templated":true}]}}